{"id":858,"date":"2021-03-03T16:39:17","date_gmt":"2021-03-03T15:39:17","guid":{"rendered":"https:\/\/hotelpiroscafo.it\/?page_id=858"},"modified":"2024-04-05T10:28:46","modified_gmt":"2024-04-05T08:28:46","slug":"angebote","status":"publish","type":"page","link":"https:\/\/hotelpiroscafo.it\/de\/angebote\/","title":{"rendered":"ANGEBOTE"},"content":{"rendered":"<section class=\"l-section wpb_row us_custom_20af4a57 height_huge with_img\"><div class=\"l-section-img\" role=\"img\" aria-label=\"Bild\" data-img-width=\"1920\" data-img-height=\"1280\" style=\"background-image: url(https:\/\/hotelpiroscafo.it\/wp-content\/uploads\/2021\/01\/porto-vecchio.jpg);background-repeat: no-repeat;\"><\/div><div class=\"l-section-overlay\" style=\"background:rgba(72,46,59,0.25)\"><\/div><div class=\"l-section-h i-cf\"><div class=\"g-cols vc_row via_flex valign_middle type_default stacking_default\"><div class=\"vc_col-sm-12 wpb_column vc_column_container\"><div class=\"vc_column-inner\"><div class=\"wpb_wrapper\"><div class=\"wpb_text_column us_custom_e0052a30 has_text_color\"><div class=\"wpb_wrapper\"><p class=\"p1\"><b>ANGEBOTE<\/b><\/p>\n<\/div><\/div><div class=\"w-separator size_custom\" style=\"height:10px\"><\/div><div class=\"g-cols wpb_row via_flex valign_top type_default stacking_default\"><div class=\"vc_col-sm-6 wpb_column vc_column_container\"><div class=\"vc_column-inner\"><div class=\"wpb_wrapper\"><\/div><\/div><\/div><div class=\"vc_col-sm-6 wpb_column vc_column_container\"><div class=\"vc_column-inner us_custom_5b2874b2\"><div class=\"wpb_wrapper\"><div class=\"w-separator size_medium\"><\/div><\/div><\/div><\/div><\/div><\/div><\/div><\/div><\/div><\/div><\/section><section class=\"l-section wpb_row height_medium\"><div class=\"l-section-h i-cf\"><div class=\"g-cols vc_row via_flex valign_top type_default stacking_default\" style=\"--additional-gap:30px;\"><div class=\"vc_col-sm-12 wpb_column vc_column_container\"><div class=\"vc_column-inner\"><div class=\"wpb_wrapper\"><div class=\"wpb_text_column us_custom_eb849559\"><div class=\"wpb_wrapper\"><h1>Hier sparen Sie 8% bei Ihrer Buchung.<br \/>\nImmer, auch jetzt noch!<\/h1>\n<\/div><\/div><div class=\"wpb_text_column us_custom_c2defa87 has_text_color\"><div class=\"wpb_wrapper\"><p>DIE VORTEILE DER DIREKTBUCHUNG<\/p>\n<\/div><\/div><div class=\"w-separator us_custom_102d450f size_custom with_line width_30 thick_1 style_solid color_primary align_center\" style=\"height:10px\"><div class=\"w-separator-h\"><\/div><\/div><div class=\"g-cols wpb_row via_flex valign_top type_default stacking_default\"><div class=\"vc_col-sm-2 wpb_column vc_column_container\"><div class=\"vc_column-inner\"><div class=\"wpb_wrapper\"><\/div><\/div><\/div><div class=\"vc_col-sm-8 wpb_column vc_column_container\"><div class=\"vc_column-inner\"><div class=\"wpb_wrapper\"><div class=\"wpb_text_column us_custom_eb849559\"><div class=\"wpb_wrapper\"><p>Die Ihnen angezeigten Preise sind bereits um 8\u00a0% niedriger als bei jedem anderen Buchungsportal, auf dem Sie unsere Zimmer finden (Booking.com, Expedia usw.)<\/p>\n<\/div><\/div><\/div><\/div><\/div><div class=\"vc_col-sm-2 wpb_column vc_column_container\"><div class=\"vc_column-inner\"><div class=\"wpb_wrapper\"><\/div><\/div><\/div><\/div><div class=\"w-separator size_medium\"><\/div><div class=\"w-btn-wrapper align_center\"><a class=\"w-btn us-btn-style_2\" href=\"https:\/\/www.ericsoft.biz\/de\/BookingEngine\/Book?idh=D3390876E8691A87&amp;lang=de&amp;cur=EUR&amp;beta=true&amp;arrival=2024-03-11&amp;departure=2024-03-12&amp;guests=12519-13_12519-13\"><span class=\"w-btn-label\">Direktes Buchen<\/span><\/a><\/div><\/div><\/div><\/div><\/div><\/div><\/section><section class=\"l-section wpb_row us_custom_89147fc5 height_small\"><div class=\"l-section-h i-cf\"><div class=\"g-cols vc_row via_flex valign_middle type_default stacking_default\"><div class=\"vc_col-sm-1\/5 wpb_column vc_column_container us_animate_afb\"><div class=\"vc_column-inner\"><div class=\"wpb_wrapper\"><\/div><\/div><\/div><div class=\"vc_col-sm-1\/5 wpb_column vc_column_container\"><div class=\"vc_column-inner\"><div class=\"wpb_wrapper\"><div class=\"w-vwrapper us_custom_81c42615 align_center valign_middle\"><div class=\"w-iconbox iconpos_top style_default color_custom align_center no_text no_title\"><div class=\"w-iconbox-icon\" style=\"font-size:30px;--icon-color:#D0A240;--icon-bg-color:#ffffff;\"><i class=\"fal fa-star\"><\/i><\/div><div class=\"w-iconbox-meta\"><\/div><\/div><div class=\"wpb_text_column us_custom_4ec0e438 has_text_color\"><div class=\"wpb_wrapper\"><p>Keine Anzahlungen<\/p>\n<\/div><\/div><\/div><\/div><\/div><\/div><div class=\"vc_col-sm-1\/5 wpb_column vc_column_container\"><div class=\"vc_column-inner\"><div class=\"wpb_wrapper\"><div class=\"w-vwrapper us_custom_81c42615 align_center valign_middle\"><div class=\"w-iconbox iconpos_top style_default color_custom align_center no_text no_title\"><div class=\"w-iconbox-icon\" style=\"font-size:30px;--icon-color:#D0A240;--icon-bg-color:#ffffff;\"><i class=\"fal fa-star\"><\/i><\/div><div class=\"w-iconbox-meta\"><\/div><\/div><div class=\"wpb_text_column us_custom_ac4d870b has_text_color\"><div class=\"wpb_wrapper\"><p>Stornierung bis zu 3\u00a0Tage vor der Anreise<\/p>\n<\/div><\/div><div class=\"w-separator size_medium\"><\/div><\/div><\/div><\/div><\/div><div class=\"vc_col-sm-1\/5 wpb_column vc_column_container\"><div class=\"vc_column-inner\"><div class=\"wpb_wrapper\"><div class=\"w-vwrapper us_custom_81c42615 align_center valign_middle\"><div class=\"w-iconbox iconpos_top style_default color_custom align_center no_text no_title\"><div class=\"w-iconbox-icon\" style=\"font-size:30px;--icon-color:#D0A240;--icon-bg-color:#ffffff;\"><i class=\"fal fa-star\"><\/i><\/div><div class=\"w-iconbox-meta\"><\/div><\/div><div class=\"wpb_text_column us_custom_4ec0e438 has_text_color\"><div class=\"wpb_wrapper\"><p>Das Fr\u00fchst\u00fcck ist immer im Preis inbegriffen<\/p>\n<\/div><\/div><div class=\"w-separator size_large\"><\/div><\/div><\/div><\/div><\/div><div class=\"vc_col-sm-1\/5 wpb_column vc_column_container\"><div class=\"vc_column-inner\"><div class=\"wpb_wrapper\"><\/div><\/div><\/div><\/div><\/div><\/section><section class=\"l-section wpb_row us_custom_41490ca7 height_medium color_alternate\"><div class=\"l-section-h i-cf\"><div class=\"g-cols vc_row via_flex valign_top type_default stacking_default\" style=\"--additional-gap:30px;\"><div class=\"vc_col-sm-6 wpb_column vc_column_container\"><div class=\"vc_column-inner\"><div class=\"wpb_wrapper\"><div class=\"wpb_text_column\"><div class=\"wpb_wrapper\"><h2>Angebot &#8211; Be Safe Plus<\/h2>\n<\/div><\/div><div class=\"w-separator size_small with_line width_30 thick_1 style_solid color_primary align_left\"><div class=\"w-separator-h\"><\/div><\/div><div class=\"wpb_text_column us_custom_492179a4\"><div class=\"wpb_wrapper\"><h3>BeSafe Rate Plus &#8211;<br \/>\nDer Tarif mit eingeschlossener Versicherung<\/h3>\n<\/div><\/div><div class=\"w-separator size_small\"><\/div><div class=\"wpb_text_column\"><div class=\"wpb_wrapper\"><p>Wussten Sie, dass 80 % der Urlaubsstornierungen erst wenige Tage vor der Abreise erfolgen?<br \/>\nBeSafe Rate sch\u00fctzt Ihren Urlaub vor und w\u00e4hrend Ihres Aufenthalts.<\/p>\n<p><a href=\"https:\/\/www.travel.besafesuite.com\/insurances\/besafe-plus\"><strong>Versicherungsschutz<\/strong><\/a><\/p>\n<\/div><\/div><\/div><\/div><\/div><div class=\"vc_col-sm-6 wpb_column vc_column_container\"><div class=\"vc_column-inner us_custom_ec8d653c\"><div class=\"wpb_wrapper\"><div class=\"wpb_text_column us_custom_ae9797c7\"><div class=\"wpb_wrapper\"><p><strong>1. ANNULLIERUNG AUS JEDEM NACHWEISBAREN GRUND<\/strong><br \/>\n(z. B. Flugannullierung, Krankheit, Unfall, Urlaubsannullierung) bis zum Tag des Check-in und Erstattung von bis zu 100 % des im Voraus bezahlten Betrags.<br \/>\n<strong>2. UNTERST\u00dcTZUNG W\u00c4HREND DES AUFENTHALTS<\/strong>: von der Ankunft bis zur Abreise k\u00f6nnen Sie medizinische Hilfe, Gep\u00e4ckgarantie, Diebstahl- und Pannenhilfe in Anspruch nehmen.<br \/>\n<strong>3. GEMEINSAME KUNDENBETREUUNG<\/strong> vor, w\u00e4hrend und nach Ihrem Aufenthalt.<\/p>\n<p>BeSafe Rate Plus garantiert die Stornierung aus jedem dokumentierten Grund und bietet eine R\u00fcckerstattung von bis zu 100% des im Voraus bezahlten Betrags gem\u00e4\u00df den Bestimmungen der zum Zeitpunkt der Buchung geltenden<br \/>\nVersicherungspolice.<\/p>\n<\/div><\/div><div class=\"w-separator size_small\"><\/div><div class=\"w-btn-wrapper align_none\"><a class=\"w-btn us-btn-style_2\" href=\"https:\/\/www.ericsoft.biz\/de\/BookingEngine\/Book?idh=D3390876E8691A87&amp;lang=de&amp;cur=EUR&amp;beta=true&amp;arrival=2024-03-11&amp;departure=2024-03-12&amp;guests=12519-13_12519-13\"><span class=\"w-btn-label\">Garantierte Reservierung<\/span><\/a><\/div><\/div><\/div><\/div><\/div><\/div><\/section><section class=\"l-section wpb_row height_medium color_alternate\"><div class=\"l-section-h i-cf\"><div class=\"g-cols vc_row via_flex valign_top type_default stacking_default\" style=\"--additional-gap:30px;\"><div class=\"vc_col-sm-6 wpb_column vc_column_container\"><div class=\"vc_column-inner\"><div class=\"wpb_wrapper\"><div class=\"wpb_text_column\"><div class=\"wpb_wrapper\"><h2>Promotion Card<\/h2>\n<\/div><\/div><div class=\"w-separator size_small with_line width_30 thick_1 style_solid color_primary align_left\"><div class=\"w-separator-h\"><\/div><\/div><div class=\"wpb_text_column us_custom_492179a4\"><div class=\"wpb_wrapper\"><h3>ENTDECKEN SIE DEN SEE.<br \/>\nFREIZEIT UND KULTUR ZUM GREIFEN NAHE<\/h3>\n<\/div><\/div><\/div><\/div><\/div><div class=\"vc_col-sm-6 wpb_column vc_column_container\"><div class=\"vc_column-inner us_custom_ec8d653c\"><div class=\"wpb_wrapper\"><div class=\"wpb_text_column us_custom_37a5a3f8\"><div class=\"wpb_wrapper\"><p>Die Garda Promotion Card ist eine kostenlose 3-Tages-Karte, mit der alle G\u00e4ste, die mindestens eine Nacht in einem der dem Consorzio Lago di Garda Lombardia angeschlossenen Hotels \u00fcbernachten, Rabatte und Sonderangebote in den wichtigsten Kultur- und Freizeitzentren des Gardaseegebiets in Anspruch nehmen k\u00f6nnen.<\/p>\n<p><strong>Bis zu 20\u00a0% Rabatt<\/strong> auf die Fahrten des Navigarda-Linienverkehrs.<br \/>\nErm\u00e4\u00dfigter Eintrittspreis: Schloss Desenzano del Garda, Arch\u00e4ologisches Museum Rambotti und die Hauptattraktionen am See und in seiner Umgebung.<\/p>\n<\/div><\/div><\/div><\/div><\/div><\/div><\/div><\/section><section class=\"l-section wpb_row height_small color_alternate\"><div class=\"l-section-h i-cf\"><div class=\"g-cols vc_row via_flex valign_top type_default stacking_default\"><div class=\"vc_col-sm-12 wpb_column vc_column_container\"><div class=\"vc_column-inner\"><div class=\"wpb_wrapper\"><div class=\"w-grid us_grid type_grid layout_gallery_default cols_2 preload_style_spinner\" id=\"us_grid_1\" style=\"--columns:2;--gap:0.5rem;\" data-filterable=\"true\"><style>@media (max-width:600px){#us_grid_1{--columns:1!important}}.layout_gallery_default .w-grid-item-h{}<\/style><div class=\"w-grid-list\">\t<article class=\"w-grid-item size_1x1 post-661 attachment type-attachment status-inherit hentry\" data-id=\"661\">\r\n\t\t<div class=\"w-grid-item-h\">\r\n\t\t\t\t\t\t\t<a ref=\"magnificPopupGrid\" href=\"https:\/\/hotelpiroscafo.it\/wp-content\/uploads\/2021\/01\/Desenzano-Castello.jpg\" class=\"w-grid-item-anchor\" aria-label=\"Hotel Piroscafo - Desenzano del Garda - Lago di Garda\"><\/a>\r\n\t\t\t\t\t\t<div class=\"w-post-elm post_image usg_post_image_1 stretched\"><img loading=\"lazy\" decoding=\"async\" width=\"800\" height=\"600\" src=\"https:\/\/hotelpiroscafo.it\/wp-content\/uploads\/2021\/01\/Desenzano-Castello.jpg\" class=\"attachment-us_1024_768_crop size-us_1024_768_crop\" alt=\"Hotel Piroscafo - Desenzano del Garda - Lago di Garda\" srcset=\"https:\/\/hotelpiroscafo.it\/wp-content\/uploads\/2021\/01\/Desenzano-Castello.jpg 800w, https:\/\/hotelpiroscafo.it\/wp-content\/uploads\/2021\/01\/Desenzano-Castello-300x225.jpg 300w\" sizes=\"auto, (max-width: 800px) 100vw, 800px\" \/><\/div>\t\t<\/div>\r\n\t\t\t<\/article>\r\n\t<article class=\"w-grid-item size_1x1 post-659 attachment type-attachment status-inherit hentry\" data-id=\"659\">\r\n\t\t<div class=\"w-grid-item-h\">\r\n\t\t\t\t\t\t\t<a ref=\"magnificPopupGrid\" href=\"https:\/\/hotelpiroscafo.it\/wp-content\/uploads\/2021\/01\/30012019-MovingXNav.Laghi-Garda-14.jpg\" class=\"w-grid-item-anchor\" aria-label=\"Hotel Piroscafo - Desenzano del Garda - Lago di Garda\"><\/a>\r\n\t\t\t\t\t\t<div class=\"w-post-elm post_image usg_post_image_1 stretched\"><img loading=\"lazy\" decoding=\"async\" width=\"1024\" height=\"768\" src=\"https:\/\/hotelpiroscafo.it\/wp-content\/uploads\/2021\/01\/30012019-MovingXNav.Laghi-Garda-14-1024x768.jpg\" class=\"attachment-us_1024_768_crop size-us_1024_768_crop\" alt=\"Hotel Piroscafo - Desenzano del Garda - Lago di Garda\" srcset=\"https:\/\/hotelpiroscafo.it\/wp-content\/uploads\/2021\/01\/30012019-MovingXNav.Laghi-Garda-14-1024x768.jpg 1024w, https:\/\/hotelpiroscafo.it\/wp-content\/uploads\/2021\/01\/30012019-MovingXNav.Laghi-Garda-14-800x600.jpg 800w\" sizes=\"auto, (max-width: 1024px) 100vw, 1024px\" \/><\/div>\t\t<\/div>\r\n\t\t\t<\/article>\r\n<\/div>\t<div class=\"w-grid-preloader\">\r\n\t\t<div class=\"g-preloader type_4\">\r\n\t\t\t<div><\/div>\r\n\t\t<\/div>\r\n\t<\/div>\r\n\t\t<div class=\"w-grid-json hidden\" onclick='return {&quot;action&quot;:&quot;us_ajax_grid&quot;,&quot;infinite_scroll&quot;:0,&quot;max_num_pages&quot;:1,&quot;pagination&quot;:&quot;none&quot;,&quot;template_vars&quot;:{&quot;columns&quot;:&quot;2&quot;,&quot;exclude_items&quot;:&quot;none&quot;,&quot;img_size&quot;:&quot;us_1024_768_crop&quot;,&quot;ignore_items_size&quot;:0,&quot;items_layout&quot;:&quot;gallery_default&quot;,&quot;items_offset&quot;:&quot;1&quot;,&quot;load_animation&quot;:&quot;none&quot;,&quot;overriding_link&quot;:&quot;%7B%22type%22%3A%22popup_image%22%7D&quot;,&quot;post_id&quot;:0,&quot;query_args&quot;:{&quot;post_type&quot;:[&quot;attachment&quot;],&quot;post__in&quot;:[&quot;314&quot;,&quot;313&quot;],&quot;post_status&quot;:&quot;inherit&quot;,&quot;post_mime_type&quot;:&quot;image&quot;,&quot;posts_per_page&quot;:&quot;10&quot;},&quot;orderby_query_args&quot;:{&quot;orderby&quot;:{&quot;date&quot;:&quot;DESC&quot;}},&quot;type&quot;:&quot;grid&quot;,&quot;us_grid_post_type&quot;:&quot;attachment&quot;,&quot;us_grid_ajax_index&quot;:1,&quot;us_grid_filter_query_string&quot;:null,&quot;us_grid_index&quot;:1,&quot;page_args&quot;:[],&quot;lang&quot;:&quot;de&quot;}}'><\/div>\r\n\t<\/div><\/div><\/div><\/div><\/div><\/div><\/section>\n","protected":false},"excerpt":{"rendered":"","protected":false},"author":1,"featured_media":0,"parent":0,"menu_order":0,"comment_status":"closed","ping_status":"closed","template":"","meta":{"inline_featured_image":false,"footnotes":""},"class_list":["post-858","page","type-page","status-publish","hentry"],"yoast_head":"<!-- This site is optimized with the Yoast SEO plugin v27.4 - https:\/\/yoast.com\/product\/yoast-seo-wordpress\/ -->\n<title>ANGEBOTE - Hotel Piroscafo<\/title>\n<meta name=\"robots\" content=\"index, follow, max-snippet:-1, max-image-preview:large, max-video-preview:-1\" \/>\n<link rel=\"canonical\" href=\"https:\/\/hotelpiroscafo.it\/de\/angebote\/\" \/>\n<meta property=\"og:locale\" content=\"de_DE\" \/>\n<meta property=\"og:type\" content=\"article\" \/>\n<meta property=\"og:title\" content=\"ANGEBOTE - Hotel Piroscafo\" \/>\n<meta property=\"og:url\" content=\"https:\/\/hotelpiroscafo.it\/de\/angebote\/\" \/>\n<meta property=\"og:site_name\" content=\"Hotel Piroscafo\" \/>\n<meta property=\"article:modified_time\" content=\"2024-04-05T08:28:46+00:00\" \/>\n<meta name=\"twitter:card\" content=\"summary_large_image\" \/>\n<meta name=\"twitter:label1\" content=\"Gesch\u00e4tzte Lesezeit\" \/>\n\t<meta name=\"twitter:data1\" content=\"4\u00a0Minuten\" \/>\n<script type=\"application\/ld+json\" class=\"yoast-schema-graph\">{\"@context\":\"https:\\\/\\\/schema.org\",\"@graph\":[{\"@type\":\"WebPage\",\"@id\":\"https:\\\/\\\/hotelpiroscafo.it\\\/de\\\/angebote\\\/\",\"url\":\"https:\\\/\\\/hotelpiroscafo.it\\\/de\\\/angebote\\\/\",\"name\":\"ANGEBOTE - Hotel Piroscafo\",\"isPartOf\":{\"@id\":\"https:\\\/\\\/hotelpiroscafo.it\\\/#website\"},\"datePublished\":\"2021-03-03T15:39:17+00:00\",\"dateModified\":\"2024-04-05T08:28:46+00:00\",\"breadcrumb\":{\"@id\":\"https:\\\/\\\/hotelpiroscafo.it\\\/de\\\/angebote\\\/#breadcrumb\"},\"inLanguage\":\"de\",\"potentialAction\":[{\"@type\":\"ReadAction\",\"target\":[\"https:\\\/\\\/hotelpiroscafo.it\\\/de\\\/angebote\\\/\"]}]},{\"@type\":\"BreadcrumbList\",\"@id\":\"https:\\\/\\\/hotelpiroscafo.it\\\/de\\\/angebote\\\/#breadcrumb\",\"itemListElement\":[{\"@type\":\"ListItem\",\"position\":1,\"name\":\"Home\",\"item\":\"https:\\\/\\\/hotelpiroscafo.it\\\/de\\\/\"},{\"@type\":\"ListItem\",\"position\":2,\"name\":\"ANGEBOTE\"}]},{\"@type\":\"WebSite\",\"@id\":\"https:\\\/\\\/hotelpiroscafo.it\\\/#website\",\"url\":\"https:\\\/\\\/hotelpiroscafo.it\\\/\",\"name\":\"Hotel Piroscafo\",\"description\":\"Hotel Piroscafo\",\"publisher\":{\"@id\":\"https:\\\/\\\/hotelpiroscafo.it\\\/#organization\"},\"potentialAction\":[{\"@type\":\"SearchAction\",\"target\":{\"@type\":\"EntryPoint\",\"urlTemplate\":\"https:\\\/\\\/hotelpiroscafo.it\\\/?s={search_term_string}\"},\"query-input\":{\"@type\":\"PropertyValueSpecification\",\"valueRequired\":true,\"valueName\":\"search_term_string\"}}],\"inLanguage\":\"de\"},{\"@type\":\"Organization\",\"@id\":\"https:\\\/\\\/hotelpiroscafo.it\\\/#organization\",\"name\":\"Hotel Piroscafo - Desenzano del Garda\",\"url\":\"https:\\\/\\\/hotelpiroscafo.it\\\/\",\"logo\":{\"@type\":\"ImageObject\",\"inLanguage\":\"de\",\"@id\":\"https:\\\/\\\/hotelpiroscafo.it\\\/#\\\/schema\\\/logo\\\/image\\\/\",\"url\":\"https:\\\/\\\/hotelpiroscafo.it\\\/wp-content\\\/uploads\\\/2021\\\/03\\\/ico-piroscafo_Tavola-disegno-1.png\",\"contentUrl\":\"https:\\\/\\\/hotelpiroscafo.it\\\/wp-content\\\/uploads\\\/2021\\\/03\\\/ico-piroscafo_Tavola-disegno-1.png\",\"width\":1280,\"height\":1280,\"caption\":\"Hotel Piroscafo - Desenzano del Garda\"},\"image\":{\"@id\":\"https:\\\/\\\/hotelpiroscafo.it\\\/#\\\/schema\\\/logo\\\/image\\\/\"},\"sameAs\":[\"https:\\\/\\\/www.instagram.com\\\/hotel_piroscafo\\\/\"]}]}<\/script>\n<!-- \/ Yoast SEO plugin. -->","yoast_head_json":{"title":"ANGEBOTE - Hotel Piroscafo","robots":{"index":"index","follow":"follow","max-snippet":"max-snippet:-1","max-image-preview":"max-image-preview:large","max-video-preview":"max-video-preview:-1"},"canonical":"https:\/\/hotelpiroscafo.it\/de\/angebote\/","og_locale":"de_DE","og_type":"article","og_title":"ANGEBOTE - Hotel Piroscafo","og_url":"https:\/\/hotelpiroscafo.it\/de\/angebote\/","og_site_name":"Hotel Piroscafo","article_modified_time":"2024-04-05T08:28:46+00:00","twitter_card":"summary_large_image","twitter_misc":{"Gesch\u00e4tzte Lesezeit":"4\u00a0Minuten"},"schema":{"@context":"https:\/\/schema.org","@graph":[{"@type":"WebPage","@id":"https:\/\/hotelpiroscafo.it\/de\/angebote\/","url":"https:\/\/hotelpiroscafo.it\/de\/angebote\/","name":"ANGEBOTE - Hotel Piroscafo","isPartOf":{"@id":"https:\/\/hotelpiroscafo.it\/#website"},"datePublished":"2021-03-03T15:39:17+00:00","dateModified":"2024-04-05T08:28:46+00:00","breadcrumb":{"@id":"https:\/\/hotelpiroscafo.it\/de\/angebote\/#breadcrumb"},"inLanguage":"de","potentialAction":[{"@type":"ReadAction","target":["https:\/\/hotelpiroscafo.it\/de\/angebote\/"]}]},{"@type":"BreadcrumbList","@id":"https:\/\/hotelpiroscafo.it\/de\/angebote\/#breadcrumb","itemListElement":[{"@type":"ListItem","position":1,"name":"Home","item":"https:\/\/hotelpiroscafo.it\/de\/"},{"@type":"ListItem","position":2,"name":"ANGEBOTE"}]},{"@type":"WebSite","@id":"https:\/\/hotelpiroscafo.it\/#website","url":"https:\/\/hotelpiroscafo.it\/","name":"Hotel Piroscafo","description":"Hotel Piroscafo","publisher":{"@id":"https:\/\/hotelpiroscafo.it\/#organization"},"potentialAction":[{"@type":"SearchAction","target":{"@type":"EntryPoint","urlTemplate":"https:\/\/hotelpiroscafo.it\/?s={search_term_string}"},"query-input":{"@type":"PropertyValueSpecification","valueRequired":true,"valueName":"search_term_string"}}],"inLanguage":"de"},{"@type":"Organization","@id":"https:\/\/hotelpiroscafo.it\/#organization","name":"Hotel Piroscafo - Desenzano del Garda","url":"https:\/\/hotelpiroscafo.it\/","logo":{"@type":"ImageObject","inLanguage":"de","@id":"https:\/\/hotelpiroscafo.it\/#\/schema\/logo\/image\/","url":"https:\/\/hotelpiroscafo.it\/wp-content\/uploads\/2021\/03\/ico-piroscafo_Tavola-disegno-1.png","contentUrl":"https:\/\/hotelpiroscafo.it\/wp-content\/uploads\/2021\/03\/ico-piroscafo_Tavola-disegno-1.png","width":1280,"height":1280,"caption":"Hotel Piroscafo - Desenzano del Garda"},"image":{"@id":"https:\/\/hotelpiroscafo.it\/#\/schema\/logo\/image\/"},"sameAs":["https:\/\/www.instagram.com\/hotel_piroscafo\/"]}]}},"_links":{"self":[{"href":"https:\/\/hotelpiroscafo.it\/de\/wp-json\/wp\/v2\/pages\/858","targetHints":{"allow":["GET"]}}],"collection":[{"href":"https:\/\/hotelpiroscafo.it\/de\/wp-json\/wp\/v2\/pages"}],"about":[{"href":"https:\/\/hotelpiroscafo.it\/de\/wp-json\/wp\/v2\/types\/page"}],"author":[{"embeddable":true,"href":"https:\/\/hotelpiroscafo.it\/de\/wp-json\/wp\/v2\/users\/1"}],"replies":[{"embeddable":true,"href":"https:\/\/hotelpiroscafo.it\/de\/wp-json\/wp\/v2\/comments?post=858"}],"version-history":[{"count":19,"href":"https:\/\/hotelpiroscafo.it\/de\/wp-json\/wp\/v2\/pages\/858\/revisions"}],"predecessor-version":[{"id":1455,"href":"https:\/\/hotelpiroscafo.it\/de\/wp-json\/wp\/v2\/pages\/858\/revisions\/1455"}],"wp:attachment":[{"href":"https:\/\/hotelpiroscafo.it\/de\/wp-json\/wp\/v2\/media?parent=858"}],"curies":[{"name":"wp","href":"https:\/\/api.w.org\/{rel}","templated":true}]}}