{"id":850,"date":"2021-03-03T16:27:39","date_gmt":"2021-03-03T15:27:39","guid":{"rendered":"https:\/\/hotelpiroscafo.it\/?page_id=850"},"modified":"2025-01-08T09:41:51","modified_gmt":"2025-01-08T08:41:51","slug":"dienstleistungen","status":"publish","type":"page","link":"https:\/\/hotelpiroscafo.it\/de\/dienstleistungen\/","title":{"rendered":"DIENSTLEISTUNGEN"},"content":{"rendered":"<section class=\"l-section wpb_row us_custom_20af4a57 height_huge with_img\"><div class=\"l-section-img\" role=\"img\" aria-label=\"Bild\" data-img-width=\"1920\" data-img-height=\"1282\" style=\"background-image: url(https:\/\/hotelpiroscafo.it\/wp-content\/uploads\/2021\/02\/DSC00859.jpg);background-repeat: no-repeat;\"><\/div><div class=\"l-section-overlay\" style=\"background:rgba(72,46,59,0.25)\"><\/div><div class=\"l-section-h i-cf\"><div class=\"g-cols vc_row via_flex valign_middle type_default stacking_default\"><div class=\"vc_col-sm-12 wpb_column vc_column_container\"><div class=\"vc_column-inner\"><div class=\"wpb_wrapper\"><div class=\"wpb_text_column us_custom_e0052a30 has_text_color\"><div class=\"wpb_wrapper\"><p>DIENSTLEISTUNGEN<\/p>\n<\/div><\/div><div class=\"w-separator size_custom\" style=\"height:10px\"><\/div><div class=\"g-cols wpb_row via_flex valign_top type_default stacking_default\"><div class=\"vc_col-sm-6 wpb_column vc_column_container\"><div class=\"vc_column-inner\"><div class=\"wpb_wrapper\"><\/div><\/div><\/div><div class=\"vc_col-sm-6 wpb_column vc_column_container\"><div class=\"vc_column-inner us_custom_5b2874b2\"><div class=\"wpb_wrapper\"><div class=\"w-separator size_medium\"><\/div><\/div><\/div><\/div><\/div><\/div><\/div><\/div><\/div><\/div><\/section><section class=\"l-section wpb_row height_medium color_alternate\"><div class=\"l-section-h i-cf\"><div class=\"g-cols vc_row via_flex valign_top type_default stacking_default\"><div class=\"vc_col-sm-1 wpb_column vc_column_container\"><div class=\"vc_column-inner\"><div class=\"wpb_wrapper\"><\/div><\/div><\/div><div class=\"vc_col-sm-10 wpb_column vc_column_container\"><div class=\"vc_column-inner\"><div class=\"wpb_wrapper\"><div class=\"g-cols wpb_row via_flex valign_top type_default stacking_default\"><div class=\"vc_col-sm-6 wpb_column vc_column_container\"><div class=\"vc_column-inner\"><div class=\"wpb_wrapper\"><div class=\"wpb_text_column us_custom_0e0288e7 has_text_color\"><div class=\"wpb_wrapper\"><p>INKLUSIVLEISTUNGEN<\/p>\n<\/div><\/div><div class=\"wpb_text_column\"><div class=\"wpb_wrapper\"><p><i class=\"fal fa-check-circle\"><\/i> 24-Stunden-Rezeption<br \/>\n<i class=\"fal fa-check-circle\"><\/i> Schneller Check-in und Check-out<br \/>\n<i class=\"fal fa-check-circle\"><\/i> Klimaanlage<br \/>\n<i class=\"fal fa-check-circle\"><\/i> Internet\/WLAN<br \/>\n<i class=\"fal fa-check-circle\"><\/i> Aufzug<br \/>\n<i class=\"fal fa-check-circle\"><\/i> Die gesamte Anlage ist Nichtraucherzone<br \/>\n<i class=\"fal fa-check-circle\"><\/i> Nichtraucherzimmer<br \/>\n<i class=\"fal fa-check-circle\"><\/i> Sonnenterrasse<br \/>\n<i class=\"fal fa-check-circle\"><\/i> Gep\u00e4ckabgabe<br \/>\n<i class=\"fal fa-check-circle\"><\/i> Fr\u00fchst\u00fccksb\u00fcffet<\/p>\n<\/div><\/div><\/div><\/div><\/div><div class=\"vc_col-sm-6 wpb_column vc_column_container\"><div class=\"vc_column-inner us_custom_4ff583d0\"><div class=\"wpb_wrapper\"><div class=\"wpb_text_column us_custom_0e0288e7 has_text_color\"><div class=\"wpb_wrapper\"><p>ZAHLUNGSPFLICHTIGE LEISTUNGEN<\/p>\n<\/div><\/div><div class=\"wpb_text_column\"><div class=\"wpb_wrapper\"><p>Kleine Haustiere \u2013 8 \u20ac\/Nacht<br \/>\nSp\u00e4ter Check-out \u2013 40 \u20ac <strong>(Fragen Sie nach der Verf\u00fcgbarkeit)<\/strong><br \/>\nSp\u00e4ter Check-out f\u00fcr Einzelg\u00e4ste \u2013 20 \u20ac <strong>(Fragen Sie nach der Verf\u00fcgbarkeit)<\/strong><br \/>\nGarage in 400 m Entfernung \u2013 13 \u20ac\/Nacht <strong>(nicht buchbar)<\/strong><br \/>\nKinderbett nach Verf\u00fcgbarkeit \u2013 8 \u20ac\/Nacht<strong> (Fragen Sie nach der Verf\u00fcgbarkeit)<\/strong><\/p>\n<\/div><\/div><div class=\"w-separator size_small\"><\/div><div class=\"w-btn-wrapper align_none\"><a class=\"w-btn us-btn-style_4 icon_atleft\" title=\"Camere\" href=\"https:\/\/hotelpiroscafo.it\/de\/anfrage\/\"><i class=\"fal fa-info-circle\"><\/i><span class=\"w-btn-label\">Informationsanfrage<\/span><\/a><\/div><\/div><\/div><\/div><\/div><\/div><\/div><\/div><div class=\"vc_col-sm-1 wpb_column vc_column_container\"><div class=\"vc_column-inner\"><div class=\"wpb_wrapper\"><\/div><\/div><\/div><\/div><\/div><\/section><section class=\"l-section wpb_row height_medium color_alternate\"><div class=\"l-section-h i-cf\"><div class=\"g-cols vc_row via_flex valign_top type_default stacking_default\"><div class=\"vc_col-sm-6 wpb_column vc_column_container\"><div class=\"vc_column-inner\"><div class=\"wpb_wrapper\"><div class=\"w-image align_none\"><a ref=\"magnificPopup\" href=\"https:\/\/hotelpiroscafo.it\/wp-content\/uploads\/2021\/02\/DSC00869.jpg\" aria-label=\"Hotel Piroscafo - Desenzano del Garda - Lago di Garda\" class=\"w-image-h\"><img decoding=\"async\" width=\"1920\" height=\"1282\" src=\"https:\/\/hotelpiroscafo.it\/wp-content\/uploads\/2021\/02\/DSC00869.jpg\" class=\"attachment-full size-full\" alt=\"Hotel Piroscafo - Desenzano del Garda - Lago di Garda\" loading=\"lazy\" srcset=\"https:\/\/hotelpiroscafo.it\/wp-content\/uploads\/2021\/02\/DSC00869.jpg 1920w, https:\/\/hotelpiroscafo.it\/wp-content\/uploads\/2021\/02\/DSC00869-300x200.jpg 300w, https:\/\/hotelpiroscafo.it\/wp-content\/uploads\/2021\/02\/DSC00869-1024x684.jpg 1024w\" sizes=\"auto, (max-width: 1920px) 100vw, 1920px\" \/><\/a><\/div><\/div><\/div><\/div><div class=\"vc_col-sm-6 wpb_column vc_column_container\"><div class=\"vc_column-inner\"><div class=\"wpb_wrapper\"><div class=\"w-image align_none\"><a ref=\"magnificPopup\" href=\"https:\/\/hotelpiroscafo.it\/wp-content\/uploads\/2021\/02\/DSC00834.jpg\" aria-label=\"Hotel Piroscafo - Desenzano del Garda - Lago di Garda\" class=\"w-image-h\"><img decoding=\"async\" width=\"1920\" height=\"1282\" src=\"https:\/\/hotelpiroscafo.it\/wp-content\/uploads\/2021\/02\/DSC00834.jpg\" class=\"attachment-full size-full\" alt=\"Hotel Piroscafo - Desenzano del Garda - Lago di Garda\" loading=\"lazy\" srcset=\"https:\/\/hotelpiroscafo.it\/wp-content\/uploads\/2021\/02\/DSC00834.jpg 1920w, https:\/\/hotelpiroscafo.it\/wp-content\/uploads\/2021\/02\/DSC00834-300x200.jpg 300w, https:\/\/hotelpiroscafo.it\/wp-content\/uploads\/2021\/02\/DSC00834-1024x684.jpg 1024w\" sizes=\"auto, (max-width: 1920px) 100vw, 1920px\" \/><\/a><\/div><\/div><\/div><\/div><\/div><\/div><\/section><section class=\"l-section wpb_row height_medium\"><div class=\"l-section-h i-cf\"><div class=\"g-cols vc_row via_flex valign_top type_default stacking_default\" style=\"--additional-gap:30px;\"><div class=\"vc_col-sm-6 wpb_column vc_column_container\"><div class=\"vc_column-inner\"><div class=\"wpb_wrapper\"><div class=\"wpb_text_column\"><div class=\"wpb_wrapper\"><h2>Unser Fr\u00fchst\u00fcck<\/h2>\n<\/div><\/div><div class=\"w-separator size_small with_line width_30 thick_1 style_solid color_primary align_left\"><div class=\"w-separator-h\"><\/div><\/div><div class=\"wpb_text_column us_custom_492179a4\"><div class=\"wpb_wrapper\"><h3>DIE ERSTE MAHLZEIT DES TAGES MIT BLICK AUF DIE HISTORISCHE ALTSTADT<\/h3>\n<\/div><\/div><\/div><\/div><\/div><div class=\"vc_col-sm-6 wpb_column vc_column_container\"><div class=\"vc_column-inner\"><div class=\"wpb_wrapper\"><div class=\"wpb_text_column us_custom_c1e54765\"><div class=\"wpb_wrapper\"><p>In der Hauptsaison bieten wir ein kontinentales Fr\u00fchst\u00fccksbuffet. Es wird von 7:30 bis 10:00\u00a0Uhr im Speisesaal und in der w\u00e4rmeren Jahreszeit auch im Freien serviert. Serviert wird frisches und verpacktes Geb\u00e4ck, Croissants und \u00e4hnliches (Muffins, Fagottini\u00a0&#8230;), frische Kekse und verpackte Snacks, Obst und Obstsalat der Saison, Aufschnitt, K\u00e4se und hartgekochte Eier, verschiedene Arten von frischem Brot und Toast, Fruchts\u00e4fte in Flaschen und servierter Kaffee (keine Selbstbedienungsmaschinen). Es gibt eine Reihe von Produkten f\u00fcr G\u00e4ste mit Glutenunvertr\u00e4glichkeit.<\/p>\n<\/div><\/div><\/div><\/div><\/div><\/div><\/div><\/section><section class=\"l-section wpb_row height_medium\"><div class=\"l-section-h i-cf\"><div class=\"g-cols vc_row via_flex valign_top type_default stacking_default\"><div class=\"vc_col-sm-12 wpb_column vc_column_container\"><div class=\"vc_column-inner\"><div class=\"wpb_wrapper\"><div class=\"w-grid us_grid type_grid layout_gallery_default cols_4 preload_style_spinner\" id=\"us_grid_1\" style=\"--columns:4;--gap:0.5rem;\" data-filterable=\"true\"><style>@media (max-width:1280px){#us_grid_1{--columns:3!important}}@media (max-width:1024px){#us_grid_1{--columns:2!important}}@media (max-width:600px){#us_grid_1{--columns:1!important}}.layout_gallery_default .w-grid-item-h{}<\/style><div class=\"w-grid-list\">\t<article class=\"w-grid-item size_1x1 post-797 attachment type-attachment status-inherit hentry\" data-id=\"797\">\r\n\t\t<div class=\"w-grid-item-h\">\r\n\t\t\t\t\t\t\t<a ref=\"magnificPopupGrid\" href=\"https:\/\/hotelpiroscafo.it\/wp-content\/uploads\/2021\/02\/IMG_7407.jpg\" class=\"w-grid-item-anchor\" aria-label=\"Hotel Piroscafo - Desenzano del Garda - Lago di Garda\"><\/a>\r\n\t\t\t\t\t\t<div class=\"w-post-elm post_image usg_post_image_1 stretched\"><img loading=\"lazy\" decoding=\"async\" width=\"1024\" height=\"683\" src=\"https:\/\/hotelpiroscafo.it\/wp-content\/uploads\/2021\/02\/IMG_7407-1024x683.jpg\" class=\"attachment-large size-large\" alt=\"Hotel Piroscafo - Desenzano del Garda - Lago di Garda\" srcset=\"https:\/\/hotelpiroscafo.it\/wp-content\/uploads\/2021\/02\/IMG_7407-1024x683.jpg 1024w, https:\/\/hotelpiroscafo.it\/wp-content\/uploads\/2021\/02\/IMG_7407-300x200.jpg 300w, https:\/\/hotelpiroscafo.it\/wp-content\/uploads\/2021\/02\/IMG_7407.jpg 1920w\" sizes=\"auto, (max-width: 1024px) 100vw, 1024px\" \/><\/div>\t\t<\/div>\r\n\t\t\t<\/article>\r\n\t<article class=\"w-grid-item size_1x1 post-795 attachment type-attachment status-inherit hentry\" data-id=\"795\">\r\n\t\t<div class=\"w-grid-item-h\">\r\n\t\t\t\t\t\t\t<a ref=\"magnificPopupGrid\" href=\"https:\/\/hotelpiroscafo.it\/wp-content\/uploads\/2021\/02\/IMG_7404.jpg\" class=\"w-grid-item-anchor\" aria-label=\"Hotel Piroscafo - Desenzano del Garda - Lago di Garda\"><\/a>\r\n\t\t\t\t\t\t<div class=\"w-post-elm post_image usg_post_image_1 stretched\"><img loading=\"lazy\" decoding=\"async\" width=\"1024\" height=\"683\" src=\"https:\/\/hotelpiroscafo.it\/wp-content\/uploads\/2021\/02\/IMG_7404-1024x683.jpg\" class=\"attachment-large size-large\" alt=\"Hotel Piroscafo - Desenzano del Garda - Lago di Garda\" srcset=\"https:\/\/hotelpiroscafo.it\/wp-content\/uploads\/2021\/02\/IMG_7404-1024x683.jpg 1024w, https:\/\/hotelpiroscafo.it\/wp-content\/uploads\/2021\/02\/IMG_7404-300x200.jpg 300w, https:\/\/hotelpiroscafo.it\/wp-content\/uploads\/2021\/02\/IMG_7404.jpg 1920w\" sizes=\"auto, (max-width: 1024px) 100vw, 1024px\" \/><\/div>\t\t<\/div>\r\n\t\t\t<\/article>\r\n\t<article class=\"w-grid-item size_1x1 post-791 attachment type-attachment status-inherit hentry\" data-id=\"791\">\r\n\t\t<div class=\"w-grid-item-h\">\r\n\t\t\t\t\t\t\t<a ref=\"magnificPopupGrid\" href=\"https:\/\/hotelpiroscafo.it\/wp-content\/uploads\/2021\/02\/IMG_7395.jpg\" class=\"w-grid-item-anchor\" aria-label=\"Hotel Piroscafo - Desenzano del Garda - Lago di Garda\"><\/a>\r\n\t\t\t\t\t\t<div class=\"w-post-elm post_image usg_post_image_1 stretched\"><img loading=\"lazy\" decoding=\"async\" width=\"1024\" height=\"683\" src=\"https:\/\/hotelpiroscafo.it\/wp-content\/uploads\/2021\/02\/IMG_7395-1024x683.jpg\" class=\"attachment-large size-large\" alt=\"Hotel Piroscafo - Desenzano del Garda - Lago di Garda\" srcset=\"https:\/\/hotelpiroscafo.it\/wp-content\/uploads\/2021\/02\/IMG_7395-1024x683.jpg 1024w, https:\/\/hotelpiroscafo.it\/wp-content\/uploads\/2021\/02\/IMG_7395-300x200.jpg 300w, https:\/\/hotelpiroscafo.it\/wp-content\/uploads\/2021\/02\/IMG_7395.jpg 1920w\" sizes=\"auto, (max-width: 1024px) 100vw, 1024px\" \/><\/div>\t\t<\/div>\r\n\t\t\t<\/article>\r\n\t<article class=\"w-grid-item size_1x1 post-689 attachment type-attachment status-inherit hentry\" data-id=\"689\">\r\n\t\t<div class=\"w-grid-item-h\">\r\n\t\t\t\t\t\t\t<a ref=\"magnificPopupGrid\" href=\"https:\/\/hotelpiroscafo.it\/wp-content\/uploads\/2021\/02\/DSC00556-1.jpg\" class=\"w-grid-item-anchor\" aria-label=\"Hotel Piroscafo - Desenzano del Garda - Lago di Garda\"><\/a>\r\n\t\t\t\t\t\t<div class=\"w-post-elm post_image usg_post_image_1 stretched\"><img loading=\"lazy\" decoding=\"async\" width=\"1024\" height=\"684\" src=\"https:\/\/hotelpiroscafo.it\/wp-content\/uploads\/2021\/02\/DSC00556-1-1024x684.jpg\" class=\"attachment-large size-large\" alt=\"Hotel Piroscafo - Desenzano del Garda - Lago di Garda\" srcset=\"https:\/\/hotelpiroscafo.it\/wp-content\/uploads\/2021\/02\/DSC00556-1-1024x684.jpg 1024w, https:\/\/hotelpiroscafo.it\/wp-content\/uploads\/2021\/02\/DSC00556-1-300x200.jpg 300w, https:\/\/hotelpiroscafo.it\/wp-content\/uploads\/2021\/02\/DSC00556-1.jpg 1920w\" sizes=\"auto, (max-width: 1024px) 100vw, 1024px\" \/><\/div>\t\t<\/div>\r\n\t\t\t<\/article>\r\n<\/div>\t<div class=\"w-grid-preloader\">\r\n\t\t<div class=\"g-preloader type_4\">\r\n\t\t\t<div><\/div>\r\n\t\t<\/div>\r\n\t<\/div>\r\n\t\t<div class=\"w-grid-json hidden\" onclick='return {&quot;action&quot;:&quot;us_ajax_grid&quot;,&quot;infinite_scroll&quot;:0,&quot;max_num_pages&quot;:1,&quot;pagination&quot;:&quot;none&quot;,&quot;template_vars&quot;:{&quot;columns&quot;:&quot;4&quot;,&quot;exclude_items&quot;:&quot;none&quot;,&quot;img_size&quot;:&quot;default&quot;,&quot;ignore_items_size&quot;:0,&quot;items_layout&quot;:&quot;gallery_default&quot;,&quot;items_offset&quot;:&quot;1&quot;,&quot;load_animation&quot;:&quot;none&quot;,&quot;overriding_link&quot;:&quot;%7B%22type%22%3A%22popup_image%22%7D&quot;,&quot;post_id&quot;:0,&quot;query_args&quot;:{&quot;post_type&quot;:[&quot;attachment&quot;],&quot;post__in&quot;:[&quot;490&quot;,&quot;544&quot;,&quot;543&quot;,&quot;541&quot;],&quot;post_status&quot;:&quot;inherit&quot;,&quot;post_mime_type&quot;:&quot;image&quot;,&quot;posts_per_page&quot;:&quot;10&quot;},&quot;orderby_query_args&quot;:{&quot;orderby&quot;:{&quot;date&quot;:&quot;DESC&quot;}},&quot;type&quot;:&quot;grid&quot;,&quot;us_grid_post_type&quot;:&quot;attachment&quot;,&quot;us_grid_ajax_index&quot;:1,&quot;us_grid_filter_query_string&quot;:null,&quot;us_grid_index&quot;:1,&quot;page_args&quot;:[],&quot;lang&quot;:&quot;de&quot;}}'><\/div>\r\n\t<\/div><\/div><\/div><\/div><\/div><\/div><\/section><section class=\"l-section wpb_row height_small\"><div class=\"l-section-h i-cf\"><div class=\"g-cols vc_row via_flex valign_top type_default stacking_default\"><div class=\"vc_col-sm-12 wpb_column vc_column_container\"><div class=\"vc_column-inner\"><div class=\"wpb_wrapper\"><div class=\"g-cols wpb_row us_custom_2825b608 via_flex valign_top type_boxes stacking_default\"><div class=\"vc_col-sm-6 wpb_column vc_column_container has_bg_color\"><div class=\"vc_column-inner us_custom_4dffce38\"><div class=\"wpb_wrapper\"><div class=\"wpb_text_column us_custom_80c95aa1 has_text_color\"><div class=\"wpb_wrapper\"><p>Die Terrasse am alten Hafen.<\/p>\n<\/div><\/div><div class=\"wpb_text_column us_custom_6df4bc3a has_text_color\"><div class=\"wpb_wrapper\"><p>Unsere Terrasse bieten Ihnen einen Panoramablick auf den alten Hafen und den See und kann im Sommer auch zum Sonnenbaden genutzt werden.<\/p>\n<\/div><\/div><\/div><\/div><\/div><div class=\"vc_col-sm-6 wpb_column vc_column_container\"><div class=\"vc_column-inner\"><div class=\"wpb_wrapper\"><\/div><\/div><\/div><\/div><div class=\"w-image us_custom_0cdba240 align_none\"><div class=\"w-image-h\"><img decoding=\"async\" width=\"1920\" height=\"1080\" src=\"https:\/\/hotelpiroscafo.it\/wp-content\/uploads\/2021\/07\/IMG_8711-1920x1080.jpg\" class=\"attachment-us_1920_1080_crop size-us_1920_1080_crop\" alt=\"\" loading=\"lazy\" \/><\/div><\/div><\/div><\/div><\/div><\/div><\/div><\/section><section class=\"l-section wpb_row height_medium color_alternate\"><div class=\"l-section-overlay\" style=\"background:#F0F0F0\"><\/div><div class=\"l-section-h i-cf\"><div class=\"g-cols vc_row via_flex valign_top type_default stacking_default\" style=\"--additional-gap:30px;\"><div class=\"vc_col-sm-6 wpb_column vc_column_container\"><div class=\"vc_column-inner\"><div class=\"wpb_wrapper\"><div class=\"wpb_text_column\"><div class=\"wpb_wrapper\"><h1>Parken<\/h1>\n<\/div><\/div><div class=\"w-separator size_small with_line width_30 thick_1 style_solid color_primary align_left\"><div class=\"w-separator-h\"><\/div><\/div><div class=\"wpb_text_column\"><div class=\"wpb_wrapper\"><p>Das <strong>\u00f6ffentliche Parkhaus<\/strong> (G7 Autosilo di Desenzano <a href=\"https:\/\/g7parking.com\/?lang=de\">https:\/\/g7parking.com\/<\/a>) ist 400 m entfernt und kostet <strong>13,00 \u20ac<\/strong> f\u00fcr <strong>24 Stunden<\/strong>.<\/p>\n<p>Es ist nicht m\u00f6glich, einen Parkplatz im Voraus zu reservieren.<br \/>\nEs ist unbedingt erforderlich, vor dem Parken am Hotel vorbeizukommen, um das Ticket abzuholen.<br \/>\nIn jedem Fall d\u00fcrfen Sie mit Ihrem Auto vor dem Hoteleingang ankommen, um das Gep\u00e4ck auszuladen und einzuladen.<\/p>\n<\/div><\/div><\/div><\/div><\/div><div class=\"vc_col-sm-6 wpb_column vc_column_container\"><div class=\"vc_column-inner\"><div class=\"wpb_wrapper\"><div class=\"w-separator hide_on_default hide_on_laptops hide_on_tablets size_medium\"><\/div><div class=\"w-slider style_none fit_scaledown nav_dots count_2\"><div class=\"w-slider-h\" aria-hidden=\"true\"><div class=\"royalSlider\"><div class=\"rsContent\"><a class=\"rsImg\" data-rsw=\"1024\" data-rsh=\"683\" href=\"https:\/\/hotelpiroscafo.it\/wp-content\/uploads\/2024\/03\/OND04955-1-1024x683.jpg\"><span data-alt=\"\"><\/span><\/a><\/div><div class=\"rsContent\"><a class=\"rsImg\" data-rsw=\"1024\" data-rsh=\"683\" href=\"https:\/\/hotelpiroscafo.it\/wp-content\/uploads\/2024\/03\/OND04962-1-1024x683.jpg\"><span data-alt=\"\"><\/span><\/a><\/div><\/div><img decoding=\"async\" src=\"https:\/\/hotelpiroscafo.it\/wp-content\/uploads\/2024\/03\/OND04955-1-1024x683.jpg\" width=\"1024\" height=\"683\" alt loading=\"lazy\"><\/div><div class=\"w-slider-json\" onclick='return {&quot;autoScaleSlider&quot;:true,&quot;addActiveClass&quot;:true,&quot;loop&quot;:true,&quot;fadeInLoadedSlide&quot;:false,&quot;slidesSpacing&quot;:0,&quot;imageScalePadding&quot;:0,&quot;numImagesToPreload&quot;:2,&quot;arrowsNav&quot;:true,&quot;arrowsNavAutoHide&quot;:false,&quot;transitionType&quot;:&quot;move&quot;,&quot;transitionSpeed&quot;:250,&quot;block&quot;:{&quot;moveEffect&quot;:&quot;none&quot;,&quot;speed&quot;:300},&quot;thumbs&quot;:{&quot;fitInViewport&quot;:false,&quot;firstMargin&quot;:false,&quot;spacing&quot;:4},&quot;controlNavigation&quot;:&quot;bullets&quot;,&quot;autoScaleSliderWidth&quot;:1024,&quot;autoScaleSliderHeight&quot;:683}'><\/div><\/div><\/div><\/div><\/div><\/div><\/div><\/section>\n","protected":false},"excerpt":{"rendered":"","protected":false},"author":1,"featured_media":0,"parent":0,"menu_order":0,"comment_status":"closed","ping_status":"closed","template":"","meta":{"inline_featured_image":false,"footnotes":""},"class_list":["post-850","page","type-page","status-publish","hentry"],"yoast_head":"<!-- This site is optimized with the Yoast SEO plugin v27.4 - https:\/\/yoast.com\/product\/yoast-seo-wordpress\/ -->\n<title>DIENSTLEISTUNGEN - Hotel Piroscafo<\/title>\n<meta name=\"robots\" content=\"index, follow, max-snippet:-1, max-image-preview:large, max-video-preview:-1\" \/>\n<link rel=\"canonical\" href=\"https:\/\/hotelpiroscafo.it\/de\/dienstleistungen\/\" \/>\n<meta property=\"og:locale\" content=\"de_DE\" \/>\n<meta property=\"og:type\" content=\"article\" \/>\n<meta property=\"og:title\" content=\"DIENSTLEISTUNGEN - Hotel Piroscafo\" \/>\n<meta property=\"og:url\" content=\"https:\/\/hotelpiroscafo.it\/de\/dienstleistungen\/\" \/>\n<meta property=\"og:site_name\" content=\"Hotel Piroscafo\" \/>\n<meta property=\"article:modified_time\" content=\"2025-01-08T08:41:51+00:00\" \/>\n<meta name=\"twitter:card\" content=\"summary_large_image\" \/>\n<meta name=\"twitter:label1\" content=\"Gesch\u00e4tzte Lesezeit\" \/>\n\t<meta name=\"twitter:data1\" content=\"2\u00a0Minuten\" \/>\n<script type=\"application\/ld+json\" class=\"yoast-schema-graph\">{\"@context\":\"https:\\\/\\\/schema.org\",\"@graph\":[{\"@type\":\"WebPage\",\"@id\":\"https:\\\/\\\/hotelpiroscafo.it\\\/de\\\/dienstleistungen\\\/\",\"url\":\"https:\\\/\\\/hotelpiroscafo.it\\\/de\\\/dienstleistungen\\\/\",\"name\":\"DIENSTLEISTUNGEN - Hotel Piroscafo\",\"isPartOf\":{\"@id\":\"https:\\\/\\\/hotelpiroscafo.it\\\/#website\"},\"datePublished\":\"2021-03-03T15:27:39+00:00\",\"dateModified\":\"2025-01-08T08:41:51+00:00\",\"breadcrumb\":{\"@id\":\"https:\\\/\\\/hotelpiroscafo.it\\\/de\\\/dienstleistungen\\\/#breadcrumb\"},\"inLanguage\":\"de\",\"potentialAction\":[{\"@type\":\"ReadAction\",\"target\":[\"https:\\\/\\\/hotelpiroscafo.it\\\/de\\\/dienstleistungen\\\/\"]}]},{\"@type\":\"BreadcrumbList\",\"@id\":\"https:\\\/\\\/hotelpiroscafo.it\\\/de\\\/dienstleistungen\\\/#breadcrumb\",\"itemListElement\":[{\"@type\":\"ListItem\",\"position\":1,\"name\":\"Home\",\"item\":\"https:\\\/\\\/hotelpiroscafo.it\\\/de\\\/\"},{\"@type\":\"ListItem\",\"position\":2,\"name\":\"DIENSTLEISTUNGEN\"}]},{\"@type\":\"WebSite\",\"@id\":\"https:\\\/\\\/hotelpiroscafo.it\\\/#website\",\"url\":\"https:\\\/\\\/hotelpiroscafo.it\\\/\",\"name\":\"Hotel Piroscafo\",\"description\":\"Hotel Piroscafo\",\"publisher\":{\"@id\":\"https:\\\/\\\/hotelpiroscafo.it\\\/#organization\"},\"potentialAction\":[{\"@type\":\"SearchAction\",\"target\":{\"@type\":\"EntryPoint\",\"urlTemplate\":\"https:\\\/\\\/hotelpiroscafo.it\\\/?s={search_term_string}\"},\"query-input\":{\"@type\":\"PropertyValueSpecification\",\"valueRequired\":true,\"valueName\":\"search_term_string\"}}],\"inLanguage\":\"de\"},{\"@type\":\"Organization\",\"@id\":\"https:\\\/\\\/hotelpiroscafo.it\\\/#organization\",\"name\":\"Hotel Piroscafo - Desenzano del Garda\",\"url\":\"https:\\\/\\\/hotelpiroscafo.it\\\/\",\"logo\":{\"@type\":\"ImageObject\",\"inLanguage\":\"de\",\"@id\":\"https:\\\/\\\/hotelpiroscafo.it\\\/#\\\/schema\\\/logo\\\/image\\\/\",\"url\":\"https:\\\/\\\/hotelpiroscafo.it\\\/wp-content\\\/uploads\\\/2021\\\/03\\\/ico-piroscafo_Tavola-disegno-1.png\",\"contentUrl\":\"https:\\\/\\\/hotelpiroscafo.it\\\/wp-content\\\/uploads\\\/2021\\\/03\\\/ico-piroscafo_Tavola-disegno-1.png\",\"width\":1280,\"height\":1280,\"caption\":\"Hotel Piroscafo - Desenzano del Garda\"},\"image\":{\"@id\":\"https:\\\/\\\/hotelpiroscafo.it\\\/#\\\/schema\\\/logo\\\/image\\\/\"},\"sameAs\":[\"https:\\\/\\\/www.instagram.com\\\/hotel_piroscafo\\\/\"]}]}<\/script>\n<!-- \/ Yoast SEO plugin. -->","yoast_head_json":{"title":"DIENSTLEISTUNGEN - Hotel Piroscafo","robots":{"index":"index","follow":"follow","max-snippet":"max-snippet:-1","max-image-preview":"max-image-preview:large","max-video-preview":"max-video-preview:-1"},"canonical":"https:\/\/hotelpiroscafo.it\/de\/dienstleistungen\/","og_locale":"de_DE","og_type":"article","og_title":"DIENSTLEISTUNGEN - Hotel Piroscafo","og_url":"https:\/\/hotelpiroscafo.it\/de\/dienstleistungen\/","og_site_name":"Hotel Piroscafo","article_modified_time":"2025-01-08T08:41:51+00:00","twitter_card":"summary_large_image","twitter_misc":{"Gesch\u00e4tzte Lesezeit":"2\u00a0Minuten"},"schema":{"@context":"https:\/\/schema.org","@graph":[{"@type":"WebPage","@id":"https:\/\/hotelpiroscafo.it\/de\/dienstleistungen\/","url":"https:\/\/hotelpiroscafo.it\/de\/dienstleistungen\/","name":"DIENSTLEISTUNGEN - Hotel Piroscafo","isPartOf":{"@id":"https:\/\/hotelpiroscafo.it\/#website"},"datePublished":"2021-03-03T15:27:39+00:00","dateModified":"2025-01-08T08:41:51+00:00","breadcrumb":{"@id":"https:\/\/hotelpiroscafo.it\/de\/dienstleistungen\/#breadcrumb"},"inLanguage":"de","potentialAction":[{"@type":"ReadAction","target":["https:\/\/hotelpiroscafo.it\/de\/dienstleistungen\/"]}]},{"@type":"BreadcrumbList","@id":"https:\/\/hotelpiroscafo.it\/de\/dienstleistungen\/#breadcrumb","itemListElement":[{"@type":"ListItem","position":1,"name":"Home","item":"https:\/\/hotelpiroscafo.it\/de\/"},{"@type":"ListItem","position":2,"name":"DIENSTLEISTUNGEN"}]},{"@type":"WebSite","@id":"https:\/\/hotelpiroscafo.it\/#website","url":"https:\/\/hotelpiroscafo.it\/","name":"Hotel Piroscafo","description":"Hotel Piroscafo","publisher":{"@id":"https:\/\/hotelpiroscafo.it\/#organization"},"potentialAction":[{"@type":"SearchAction","target":{"@type":"EntryPoint","urlTemplate":"https:\/\/hotelpiroscafo.it\/?s={search_term_string}"},"query-input":{"@type":"PropertyValueSpecification","valueRequired":true,"valueName":"search_term_string"}}],"inLanguage":"de"},{"@type":"Organization","@id":"https:\/\/hotelpiroscafo.it\/#organization","name":"Hotel Piroscafo - Desenzano del Garda","url":"https:\/\/hotelpiroscafo.it\/","logo":{"@type":"ImageObject","inLanguage":"de","@id":"https:\/\/hotelpiroscafo.it\/#\/schema\/logo\/image\/","url":"https:\/\/hotelpiroscafo.it\/wp-content\/uploads\/2021\/03\/ico-piroscafo_Tavola-disegno-1.png","contentUrl":"https:\/\/hotelpiroscafo.it\/wp-content\/uploads\/2021\/03\/ico-piroscafo_Tavola-disegno-1.png","width":1280,"height":1280,"caption":"Hotel Piroscafo - Desenzano del Garda"},"image":{"@id":"https:\/\/hotelpiroscafo.it\/#\/schema\/logo\/image\/"},"sameAs":["https:\/\/www.instagram.com\/hotel_piroscafo\/"]}]}},"_links":{"self":[{"href":"https:\/\/hotelpiroscafo.it\/de\/wp-json\/wp\/v2\/pages\/850","targetHints":{"allow":["GET"]}}],"collection":[{"href":"https:\/\/hotelpiroscafo.it\/de\/wp-json\/wp\/v2\/pages"}],"about":[{"href":"https:\/\/hotelpiroscafo.it\/de\/wp-json\/wp\/v2\/types\/page"}],"author":[{"embeddable":true,"href":"https:\/\/hotelpiroscafo.it\/de\/wp-json\/wp\/v2\/users\/1"}],"replies":[{"embeddable":true,"href":"https:\/\/hotelpiroscafo.it\/de\/wp-json\/wp\/v2\/comments?post=850"}],"version-history":[{"count":16,"href":"https:\/\/hotelpiroscafo.it\/de\/wp-json\/wp\/v2\/pages\/850\/revisions"}],"predecessor-version":[{"id":1532,"href":"https:\/\/hotelpiroscafo.it\/de\/wp-json\/wp\/v2\/pages\/850\/revisions\/1532"}],"wp:attachment":[{"href":"https:\/\/hotelpiroscafo.it\/de\/wp-json\/wp\/v2\/media?parent=850"}],"curies":[{"name":"wp","href":"https:\/\/api.w.org\/{rel}","templated":true}]}}