{"id":821,"date":"2021-03-03T15:49:37","date_gmt":"2021-03-03T14:49:37","guid":{"rendered":"https:\/\/hotelpiroscafo.it\/?page_id=821"},"modified":"2024-03-18T10:31:27","modified_gmt":"2024-03-18T09:31:27","slug":"sicherer-empfang","status":"publish","type":"page","link":"https:\/\/hotelpiroscafo.it\/de\/sicherer-empfang\/","title":{"rendered":"Sicherer Empfang"},"content":{"rendered":"<section class=\"l-section wpb_row us_custom_a15a000f height_large with_img\"><div class=\"l-section-img\" role=\"img\" aria-label=\"Bild\" data-img-width=\"1920\" data-img-height=\"1413\" style=\"background-image: url(https:\/\/hotelpiroscafo.it\/wp-content\/uploads\/2021\/01\/panoramica-porto-ried.jpg);background-repeat: no-repeat;\"><\/div><div class=\"l-section-overlay\" style=\"background:rgba(72,46,59,0.25)\"><\/div><div class=\"l-section-h i-cf\"><div class=\"g-cols vc_row via_flex valign_middle type_default stacking_default\"><div class=\"vc_col-sm-12 wpb_column vc_column_container\"><div class=\"vc_column-inner\"><div class=\"wpb_wrapper\"><div class=\"wpb_text_column us_custom_e0052a30 has_text_color\"><div class=\"wpb_wrapper\"><p>Sicherer Empfang<\/p>\n<\/div><\/div><div class=\"w-separator size_custom\" style=\"height:10px\"><\/div><div class=\"g-cols wpb_row via_flex valign_top type_default stacking_default\"><div class=\"vc_col-sm-6 wpb_column vc_column_container\"><div class=\"vc_column-inner\"><div class=\"wpb_wrapper\"><\/div><\/div><\/div><div class=\"vc_col-sm-6 wpb_column vc_column_container\"><div class=\"vc_column-inner us_custom_5b2874b2\"><div class=\"wpb_wrapper\"><div class=\"w-separator size_medium\"><\/div><\/div><\/div><\/div><\/div><\/div><\/div><\/div><\/div><\/div><\/section><section class=\"l-section wpb_row height_medium color_alternate\"><div class=\"l-section-h i-cf\"><div class=\"g-cols vc_row via_flex valign_top type_default stacking_default\"><div class=\"vc_col-sm-12 wpb_column vc_column_container\"><div class=\"vc_column-inner\"><div class=\"wpb_wrapper\"><div class=\"w-image us_custom_142e68a7 i50 align_center\"><div class=\"w-image-h\"><img decoding=\"async\" width=\"190\" height=\"178\" src=\"https:\/\/hotelpiroscafo.it\/wp-content\/uploads\/2021\/01\/logo-scuro.svg\" class=\"attachment-large size-large\" alt=\"Hotel Piroscafo - Desenzano del Garda - Lago di Garda\" loading=\"lazy\" \/><\/div><\/div><div class=\"w-separator size_small\"><\/div><div class=\"wpb_text_column us_custom_1ab5c76b\"><div class=\"wpb_wrapper\"><h2>HYGIENE UND SICHERHEIT<\/h2>\n<\/div><\/div><div class=\"w-separator size_small with_line width_30 thick_1 style_solid color_text align_center\"><div class=\"w-separator-h\"><\/div><\/div><div class=\"g-cols wpb_row us_custom_af6a9b6a via_flex valign_top type_default stacking_default\" style=\"--additional-gap:30px;\"><div class=\"vc_col-sm-6 wpb_column vc_column_container\"><div class=\"vc_column-inner\"><div class=\"wpb_wrapper\"><div class=\"wpb_text_column\"><div class=\"wpb_wrapper\"><h4>Sanitisierung und Desinfektion der R\u00e4umlichkeiten<\/h4>\n<\/div><\/div><div class=\"wpb_text_column us_custom_432d3f53\"><div class=\"wpb_wrapper\"><p>Reinigung und Hygiene waren uns schon immer besonders wichtig und sie werden es in Zukunft noch mehr sein. Wir desinfizieren alle unsere R\u00e4umlichkeiten, von den Zimmern \u00fcber alle \u00f6ffentlichen Bereiche bis hin zum Aufzug gem\u00e4\u00df den Vorgaben der WHO und der nationalen Beh\u00f6rden, um unseren G\u00e4sten einen sicheren Aufenthalt zu erm\u00f6glichen.<\/p>\n<p>Wir haben unsere t\u00e4glichen Ma\u00dfnahmen zur Desinfektion der R\u00e4umlichkeiten intensiviert: Alle Oberfl\u00e4chen und Kontaktstellen werden mehrmals t\u00e4glich mit vom Gesundheitsministerium zertifizierten Produkten gereinigt und desinfiziert.<\/p>\n<\/div><\/div><div class=\"w-separator size_small\"><\/div><div class=\"wpb_text_column\"><div class=\"wpb_wrapper\"><h4>Schulung des Personals<\/h4>\n<\/div><\/div><div class=\"wpb_text_column us_custom_432d3f53\"><div class=\"wpb_wrapper\"><p>Alle unsere Mitarbeiter wurden von qualifiziertem, betriebsexternem Personal ausreichend \u00fcber die zu ergreifenden Ma\u00dfnahmen zur Einhaltung der geltenden Vorschriften geschult.<\/p>\n<\/div><\/div><\/div><\/div><\/div><div class=\"vc_col-sm-6 wpb_column vc_column_container\"><div class=\"vc_column-inner\"><div class=\"wpb_wrapper\"><div class=\"wpb_text_column\"><div class=\"wpb_wrapper\"><h4>Tischservice<\/h4>\n<\/div><\/div><div class=\"wpb_text_column us_custom_432d3f53\"><div class=\"wpb_wrapper\"><p>Um einen hohen Standard an Hygiene und Sicherheit bei h\u00f6chstem Komfort zu gew\u00e4hrleisten, haben wir f\u00fcr das Fr\u00fchst\u00fccksbuffet einen Tischservice eingerichtet, dank dem Sie sich ganz bequem von unseren Kellner bedienen lassen k\u00f6nnen. <\/p>\n<\/div><\/div><div class=\"w-separator size_small\"><\/div><div class=\"wpb_text_column\"><div class=\"wpb_wrapper\"><h4>Ihre Mitwirkung ist wichtig<\/h4>\n<\/div><\/div><div class=\"wpb_text_column us_custom_432d3f53\"><div class=\"wpb_wrapper\"><p>Wir haben an verschiedenen Stellen des Hotels Spender f\u00fcr die H\u00e4ndedesinfektion bereitgestellt. Wir bitten Sie, diese h\u00e4ufig zu verwenden. Bitte tragen Sie eine Maske, wenn Sie sich in den \u00f6ffentlichen Bereichen des Hotels aufhalten. Wir bitten Sie, einen Sicherheitsabstand von 1\u00a0Meter zu anderen Personen einzuhalten und auf die Schilder zu achten, die an verschiedenen Stellen des Hotels angebracht wurden.<\/p>\n<\/div><\/div><div class=\"w-separator size_small\"><\/div><div class=\"wpb_text_column\"><div class=\"wpb_wrapper\"><h4><i class=\"fab fa-whatsapp\"><\/i> Whatsapp-service<\/h4>\n<\/div><\/div><div class=\"wpb_text_column\"><div class=\"wpb_wrapper\"><p>Spezielle Nummer f\u00fcr Informationsanfragen (keine Angebote)<br \/>\n<i class=\"fab fa-whatsapp\"><\/i> Alberto <strong>(+39) 370.1547529<\/strong><\/p>\n<\/div><\/div><\/div><\/div><\/div><\/div><\/div><\/div><\/div><\/div><\/div><\/section><section class=\"l-section wpb_row height_medium\"><div class=\"l-section-h i-cf\"><div class=\"g-cols vc_row via_flex valign_top type_default stacking_default\"><div class=\"vc_col-sm-1 wpb_column vc_column_container\"><div class=\"vc_column-inner\"><div class=\"wpb_wrapper\"><\/div><\/div><\/div><div class=\"vc_col-sm-10 wpb_column vc_column_container\"><div class=\"vc_column-inner\"><div class=\"wpb_wrapper\"><div class=\"g-cols wpb_row us_custom_8d5aa4e2 via_flex valign_top type_default stacking_default\"><div class=\"vc_col-sm-6 wpb_column vc_column_container\"><div class=\"vc_column-inner\"><div class=\"wpb_wrapper\"><\/div><\/div><\/div><div class=\"vc_col-sm-6 wpb_column vc_column_container\"><div class=\"vc_column-inner us_custom_b6442083\"><div class=\"wpb_wrapper\"><div class=\"w-separator size_medium\"><\/div><\/div><\/div><\/div><\/div><div class=\"wpb_text_column us_custom_1ab5c76b\"><div class=\"wpb_wrapper\"><h2>DIENSTLEISTUNGEN<\/h2>\n<\/div><\/div><div class=\"g-cols wpb_row us_custom_af6a9b6a via_flex valign_top type_default stacking_default\"><div class=\"vc_col-sm-6 wpb_column vc_column_container\"><div class=\"vc_column-inner\"><div class=\"wpb_wrapper\"><div class=\"wpb_text_column us_custom_0e0288e7 has_text_color\"><div class=\"wpb_wrapper\"><p>INKLUSIVLEISTUNGEN<\/p>\n<\/div><\/div><div class=\"wpb_text_column\"><div class=\"wpb_wrapper\"><p><i class=\"fal fa-check-circle\"><\/i> 24-Stunden-Rezeption<br \/>\n<i class=\"fal fa-check-circle\"><\/i> Schneller Check-in und Check-out<br \/>\n<i class=\"fal fa-check-circle\"><\/i> Klimaanlage<br \/>\n<i class=\"fal fa-check-circle\"><\/i> Internet\/WLAN<br \/>\n<i class=\"fal fa-check-circle\"><\/i> Aufzug<br \/>\n<i class=\"fal fa-check-circle\"><\/i> Die gesamte Anlage ist Nichtraucherzone<br \/>\n<i class=\"fal fa-check-circle\"><\/i> Nichtraucherzimmer<br \/>\n<i class=\"fal fa-check-circle\"><\/i> Sonnenterrasse<br \/>\n<i class=\"fal fa-check-circle\"><\/i> Gep\u00e4ckabgabe<br \/>\n<i class=\"fal fa-check-circle\"><\/i> <strong><a href=\"http:\/\/hotelpiroscafo.it\/servizi\/\">Fr\u00fchst\u00fccksb\u00fcffet<\/a><\/strong><\/p>\n<\/div><\/div><\/div><\/div><\/div><div class=\"vc_col-sm-6 wpb_column vc_column_container\"><div class=\"vc_column-inner us_custom_4ff583d0\"><div class=\"wpb_wrapper\"><div class=\"wpb_text_column us_custom_0e0288e7 has_text_color\"><div class=\"wpb_wrapper\"><p>ZAHLUNGSPFLICHTIGE LEISTUNGEN<\/p>\n<\/div><\/div><div class=\"wpb_text_column\"><div class=\"wpb_wrapper\"><p>Kleine Haustiere \u2013 8\u00a0\u20ac\/Nacht<br \/>\nSp\u00e4ter Check-out \u2013 40 \u20ac <strong>(wenn verf\u00fcgbar)<\/strong><br \/>\nSp\u00e4ter Check-out f\u00fcr Einzelg\u00e4ste \u2013 20 \u20ac <strong>(wenn verf\u00fcgbar)<\/strong><br \/>\nGarage in 400 m Entfernung \u2013 10 \u20ac\/Nacht <strong>(wenn verf\u00fcgbar)<\/strong><br \/>\nKinderbett \u2013 8 \u20ac\/Nacht <strong>(wenn verf\u00fcgbar)<\/strong><\/p>\n<\/div><\/div><div class=\"w-separator size_small\"><\/div><div class=\"w-btn-wrapper align_none\"><a class=\"w-btn us-btn-style_4 icon_atleft\" title=\"Camere\" href=\"https:\/\/hotelpiroscafo.it\/de\/anfrage\/\"><i class=\"fal fa-info-circle\"><\/i><span class=\"w-btn-label\">Informationsanfrage<\/span><\/a><\/div><\/div><\/div><\/div><\/div><\/div><\/div><\/div><div class=\"vc_col-sm-1 wpb_column vc_column_container\"><div class=\"vc_column-inner\"><div class=\"wpb_wrapper\"><\/div><\/div><\/div><\/div><\/div><\/section><section class=\"l-section wpb_row us_custom_1a5d9b35 height_auto\"><div class=\"l-section-h i-cf\"><div class=\"g-cols vc_row via_flex valign_middle type_boxes stacking_default\" style=\"--additional-gap:30px;\"><div class=\"vc_col-sm-12 wpb_column vc_column_container has_bg_color\"><div class=\"vc_column-inner us_custom_947440d6\"><div class=\"wpb_wrapper\"><div class=\"w-separator size_huge\"><\/div><div class=\"g-cols wpb_row us_custom_6d20e222 via_flex valign_middle type_default stacking_default\"><div class=\"vc_col-sm-6 wpb_column vc_column_container\"><div class=\"vc_column-inner\"><div class=\"wpb_wrapper\"><\/div><\/div><\/div><div class=\"vc_col-sm-6 wpb_column vc_column_container has_bg_color\"><div class=\"vc_column-inner us_custom_da899d2c\"><div class=\"wpb_wrapper\"><div class=\"wpb_text_column us_custom_974e102b has_text_color\"><div class=\"wpb_wrapper\"><p>DIE VORTEILE DER DIREKTBUCHUNG<\/p>\n<\/div><\/div><div class=\"w-separator us_custom_102d450f size_custom with_line width_default thick_1 style_solid color_border align_center\" style=\"height:10px\"><div class=\"w-separator-h\"><\/div><\/div><div class=\"wpb_text_column us_custom_d44d8758 has_text_color\"><div class=\"wpb_wrapper\"><h2>Sparen Sie 8\u00a0%<\/h2>\n<\/div><\/div><div class=\"wpb_text_column us_custom_34d83689 has_text_color\"><div class=\"wpb_wrapper\"><p>Die Ihnen angezeigten Preise sind bereits um 8\u00a0% niedriger als bei jedem anderen Buchungsportal, auf dem Sie unsere Zimmer finden (Booking.com, Expedia usw.)<\/p>\n<\/div><\/div><div class=\"w-btn-wrapper align_center\"><a class=\"w-btn us-btn-style_5 icon_atright\" title=\"Camere\" href=\"https:\/\/hotelpiroscafo.it\/de\/zimmer\/\"><span class=\"w-btn-label\">Zimmer<\/span><i class=\"fal fa-long-arrow-right\"><\/i><\/a><\/div><\/div><\/div><\/div><\/div><div class=\"w-separator size_huge\"><\/div><\/div><\/div><\/div><\/div><\/div><\/section><section class=\"l-section wpb_row height_medium\"><div class=\"l-section-h i-cf\"><div class=\"g-cols vc_row via_flex valign_top type_default stacking_default\"><div class=\"vc_col-sm-12 wpb_column vc_column_container\"><div class=\"vc_column-inner\"><div class=\"wpb_wrapper\"><div class=\"w-separator size_small\"><\/div><\/div><\/div><\/div><\/div><\/div><\/section>\n","protected":false},"excerpt":{"rendered":"Sicherer Empfang HYGIENE UND SICHERHEIT Sanitisierung und Desinfektion der R\u00e4umlichkeiten Reinigung und Hygiene waren uns schon immer besonders wichtig und sie werden es in Zukunft noch mehr sein. Wir desinfizieren alle unsere R\u00e4umlichkeiten, von den Zimmern \u00fcber alle \u00f6ffentlichen Bereiche bis hin zum Aufzug gem\u00e4\u00df den Vorgaben der WHO und der nationalen Beh\u00f6rden, um unseren...","protected":false},"author":1,"featured_media":0,"parent":0,"menu_order":0,"comment_status":"closed","ping_status":"closed","template":"","meta":{"inline_featured_image":false,"footnotes":""},"class_list":["post-821","page","type-page","status-publish","hentry"],"yoast_head":"<!-- This site is optimized with the Yoast SEO plugin v27.4 - https:\/\/yoast.com\/product\/yoast-seo-wordpress\/ -->\n<title>Sicherer Empfang - Hotel Piroscafo<\/title>\n<meta name=\"robots\" content=\"index, follow, max-snippet:-1, max-image-preview:large, max-video-preview:-1\" \/>\n<link rel=\"canonical\" href=\"https:\/\/hotelpiroscafo.it\/de\/sicherer-empfang\/\" \/>\n<meta property=\"og:locale\" content=\"de_DE\" \/>\n<meta property=\"og:type\" content=\"article\" \/>\n<meta property=\"og:title\" content=\"Sicherer Empfang - Hotel Piroscafo\" \/>\n<meta property=\"og:url\" content=\"https:\/\/hotelpiroscafo.it\/de\/sicherer-empfang\/\" \/>\n<meta property=\"og:site_name\" content=\"Hotel Piroscafo\" \/>\n<meta property=\"article:modified_time\" content=\"2024-03-18T09:31:27+00:00\" \/>\n<meta name=\"twitter:card\" content=\"summary_large_image\" \/>\n<meta name=\"twitter:label1\" content=\"Gesch\u00e4tzte Lesezeit\" \/>\n\t<meta name=\"twitter:data1\" content=\"3\u00a0Minuten\" \/>\n<script type=\"application\/ld+json\" class=\"yoast-schema-graph\">{\"@context\":\"https:\\\/\\\/schema.org\",\"@graph\":[{\"@type\":\"WebPage\",\"@id\":\"https:\\\/\\\/hotelpiroscafo.it\\\/de\\\/sicherer-empfang\\\/\",\"url\":\"https:\\\/\\\/hotelpiroscafo.it\\\/de\\\/sicherer-empfang\\\/\",\"name\":\"Sicherer Empfang - Hotel Piroscafo\",\"isPartOf\":{\"@id\":\"https:\\\/\\\/hotelpiroscafo.it\\\/#website\"},\"datePublished\":\"2021-03-03T14:49:37+00:00\",\"dateModified\":\"2024-03-18T09:31:27+00:00\",\"breadcrumb\":{\"@id\":\"https:\\\/\\\/hotelpiroscafo.it\\\/de\\\/sicherer-empfang\\\/#breadcrumb\"},\"inLanguage\":\"de\",\"potentialAction\":[{\"@type\":\"ReadAction\",\"target\":[\"https:\\\/\\\/hotelpiroscafo.it\\\/de\\\/sicherer-empfang\\\/\"]}]},{\"@type\":\"BreadcrumbList\",\"@id\":\"https:\\\/\\\/hotelpiroscafo.it\\\/de\\\/sicherer-empfang\\\/#breadcrumb\",\"itemListElement\":[{\"@type\":\"ListItem\",\"position\":1,\"name\":\"Home\",\"item\":\"https:\\\/\\\/hotelpiroscafo.it\\\/de\\\/\"},{\"@type\":\"ListItem\",\"position\":2,\"name\":\"Sicherer Empfang\"}]},{\"@type\":\"WebSite\",\"@id\":\"https:\\\/\\\/hotelpiroscafo.it\\\/#website\",\"url\":\"https:\\\/\\\/hotelpiroscafo.it\\\/\",\"name\":\"Hotel Piroscafo\",\"description\":\"Hotel Piroscafo\",\"publisher\":{\"@id\":\"https:\\\/\\\/hotelpiroscafo.it\\\/#organization\"},\"potentialAction\":[{\"@type\":\"SearchAction\",\"target\":{\"@type\":\"EntryPoint\",\"urlTemplate\":\"https:\\\/\\\/hotelpiroscafo.it\\\/?s={search_term_string}\"},\"query-input\":{\"@type\":\"PropertyValueSpecification\",\"valueRequired\":true,\"valueName\":\"search_term_string\"}}],\"inLanguage\":\"de\"},{\"@type\":\"Organization\",\"@id\":\"https:\\\/\\\/hotelpiroscafo.it\\\/#organization\",\"name\":\"Hotel Piroscafo - Desenzano del Garda\",\"url\":\"https:\\\/\\\/hotelpiroscafo.it\\\/\",\"logo\":{\"@type\":\"ImageObject\",\"inLanguage\":\"de\",\"@id\":\"https:\\\/\\\/hotelpiroscafo.it\\\/#\\\/schema\\\/logo\\\/image\\\/\",\"url\":\"https:\\\/\\\/hotelpiroscafo.it\\\/wp-content\\\/uploads\\\/2021\\\/03\\\/ico-piroscafo_Tavola-disegno-1.png\",\"contentUrl\":\"https:\\\/\\\/hotelpiroscafo.it\\\/wp-content\\\/uploads\\\/2021\\\/03\\\/ico-piroscafo_Tavola-disegno-1.png\",\"width\":1280,\"height\":1280,\"caption\":\"Hotel Piroscafo - Desenzano del Garda\"},\"image\":{\"@id\":\"https:\\\/\\\/hotelpiroscafo.it\\\/#\\\/schema\\\/logo\\\/image\\\/\"},\"sameAs\":[\"https:\\\/\\\/www.instagram.com\\\/hotel_piroscafo\\\/\"]}]}<\/script>\n<!-- \/ Yoast SEO plugin. -->","yoast_head_json":{"title":"Sicherer Empfang - Hotel Piroscafo","robots":{"index":"index","follow":"follow","max-snippet":"max-snippet:-1","max-image-preview":"max-image-preview:large","max-video-preview":"max-video-preview:-1"},"canonical":"https:\/\/hotelpiroscafo.it\/de\/sicherer-empfang\/","og_locale":"de_DE","og_type":"article","og_title":"Sicherer Empfang - Hotel Piroscafo","og_url":"https:\/\/hotelpiroscafo.it\/de\/sicherer-empfang\/","og_site_name":"Hotel Piroscafo","article_modified_time":"2024-03-18T09:31:27+00:00","twitter_card":"summary_large_image","twitter_misc":{"Gesch\u00e4tzte Lesezeit":"3\u00a0Minuten"},"schema":{"@context":"https:\/\/schema.org","@graph":[{"@type":"WebPage","@id":"https:\/\/hotelpiroscafo.it\/de\/sicherer-empfang\/","url":"https:\/\/hotelpiroscafo.it\/de\/sicherer-empfang\/","name":"Sicherer Empfang - Hotel Piroscafo","isPartOf":{"@id":"https:\/\/hotelpiroscafo.it\/#website"},"datePublished":"2021-03-03T14:49:37+00:00","dateModified":"2024-03-18T09:31:27+00:00","breadcrumb":{"@id":"https:\/\/hotelpiroscafo.it\/de\/sicherer-empfang\/#breadcrumb"},"inLanguage":"de","potentialAction":[{"@type":"ReadAction","target":["https:\/\/hotelpiroscafo.it\/de\/sicherer-empfang\/"]}]},{"@type":"BreadcrumbList","@id":"https:\/\/hotelpiroscafo.it\/de\/sicherer-empfang\/#breadcrumb","itemListElement":[{"@type":"ListItem","position":1,"name":"Home","item":"https:\/\/hotelpiroscafo.it\/de\/"},{"@type":"ListItem","position":2,"name":"Sicherer Empfang"}]},{"@type":"WebSite","@id":"https:\/\/hotelpiroscafo.it\/#website","url":"https:\/\/hotelpiroscafo.it\/","name":"Hotel Piroscafo","description":"Hotel Piroscafo","publisher":{"@id":"https:\/\/hotelpiroscafo.it\/#organization"},"potentialAction":[{"@type":"SearchAction","target":{"@type":"EntryPoint","urlTemplate":"https:\/\/hotelpiroscafo.it\/?s={search_term_string}"},"query-input":{"@type":"PropertyValueSpecification","valueRequired":true,"valueName":"search_term_string"}}],"inLanguage":"de"},{"@type":"Organization","@id":"https:\/\/hotelpiroscafo.it\/#organization","name":"Hotel Piroscafo - Desenzano del Garda","url":"https:\/\/hotelpiroscafo.it\/","logo":{"@type":"ImageObject","inLanguage":"de","@id":"https:\/\/hotelpiroscafo.it\/#\/schema\/logo\/image\/","url":"https:\/\/hotelpiroscafo.it\/wp-content\/uploads\/2021\/03\/ico-piroscafo_Tavola-disegno-1.png","contentUrl":"https:\/\/hotelpiroscafo.it\/wp-content\/uploads\/2021\/03\/ico-piroscafo_Tavola-disegno-1.png","width":1280,"height":1280,"caption":"Hotel Piroscafo - Desenzano del Garda"},"image":{"@id":"https:\/\/hotelpiroscafo.it\/#\/schema\/logo\/image\/"},"sameAs":["https:\/\/www.instagram.com\/hotel_piroscafo\/"]}]}},"_links":{"self":[{"href":"https:\/\/hotelpiroscafo.it\/de\/wp-json\/wp\/v2\/pages\/821","targetHints":{"allow":["GET"]}}],"collection":[{"href":"https:\/\/hotelpiroscafo.it\/de\/wp-json\/wp\/v2\/pages"}],"about":[{"href":"https:\/\/hotelpiroscafo.it\/de\/wp-json\/wp\/v2\/types\/page"}],"author":[{"embeddable":true,"href":"https:\/\/hotelpiroscafo.it\/de\/wp-json\/wp\/v2\/users\/1"}],"replies":[{"embeddable":true,"href":"https:\/\/hotelpiroscafo.it\/de\/wp-json\/wp\/v2\/comments?post=821"}],"version-history":[{"count":4,"href":"https:\/\/hotelpiroscafo.it\/de\/wp-json\/wp\/v2\/pages\/821\/revisions"}],"predecessor-version":[{"id":1384,"href":"https:\/\/hotelpiroscafo.it\/de\/wp-json\/wp\/v2\/pages\/821\/revisions\/1384"}],"wp:attachment":[{"href":"https:\/\/hotelpiroscafo.it\/de\/wp-json\/wp\/v2\/media?parent=821"}],"curies":[{"name":"wp","href":"https:\/\/api.w.org\/{rel}","templated":true}]}}